{"id":9,"date":"2024-09-25T16:36:23","date_gmt":"2024-09-25T14:36:23","guid":{"rendered":"https:\/\/ee-steffen.ch\/New\/New\/?page_id=9"},"modified":"2025-12-10T08:19:33","modified_gmt":"2025-12-10T07:19:33","slug":"startseite","status":"publish","type":"page","link":"https:\/\/ee-steffen.ch\/New\/","title":{"rendered":"Startseite"},"content":{"rendered":"<h1>Keine Zeit f\u00fcr nichts?<\/h1>\n<div>\n<p>Ich schon! F\u00fcr dich und dein Business! \u200b<\/p>\n<\/div>\n<p><p>\n        <a href=\"\/kontakt\/\">Kontakt<\/a>\n    <\/p>\n<\/p>\n<ul>\n<li>\n<p>        <img decoding=\"async\" src=\"\/wp-content\/uploads\/icon-m-grid-check.svg\" alt=\"\"><\/p>\n<h2>Administration.<\/h2>\n<div>\n<p><span>F\u00fcr kleine Unternehmen oder Firmenneugr\u00fcndungen biete ich stundenweise die gesamte kaufm\u00e4nnische Palette an (Administrationsarbeit, Buchhaltung, Personalwesen\u2026), bis eine Gr\u00f6sse erreicht ist, wo sich die Anstellung einer (weiteren) Sachbearbeitungs-Person lohnt oder h\u00fcpfe f\u00fcr eine beschr\u00e4nkte Zeit in eine vakante Position nach einem Ausfall und helfe zu \u00fcberbr\u00fccken.<\/span><\/p>\n<\/div>\n<\/li>\n<li>\n<p>        <img decoding=\"async\" src=\"\/wp-content\/uploads\/icon-m-users-celebration.svg\" alt=\"\"><\/p>\n<h2>Organisation.<\/h2>\n<div>\n<p><span>Warum mit einem Trabi fahren, wenn man einen Ferrari zur Verf\u00fcgung hat?! Mit meinem Wissen \u00fcber die Microsoft365-Tools unterst\u00fctze ich Sie und Ihr Team in der internen Organisation und Kommunikation und entwickle mit Ihnen eine Arbeitsstrategie in der New-Work-Welt. Weg von der Mail-Flut hin zu einer effizienten Struktur.<\/span><\/p>\n<\/div>\n<\/li>\n<li>\n<p>        <img decoding=\"async\" src=\"\/wp-content\/uploads\/icon-m-file-text.svg\" alt=\"\"><\/p>\n<h2>Immobilienbewirtschaftung.<\/h2>\n<div>\n<p><span>In Bausteinen biete ich mein Fachwissen als Immobilienbewirtschafterin mit eidg. Fachausweis an.<\/span><br \/><span>M\u00f6chten Sie die Buchhaltung outsourcen oder wird meine Unterst\u00fctzung bei einer Wohnungsabnahme oder in der Kommunikation mit der Mieterschaft gebraucht? Als Spezialistin f\u00fcr Stockwerkeigentum \u00fcbernehme ich auch alles als Gesamtpaket f\u00fcr kleinere und mittlere Gemeinschaften.<\/span><\/p>\n<\/div>\n<\/li>\n<\/ul>\n<p><!--more--><br \/>\n<!-- {\"type\":\"layout\",\"children\":[{\"type\":\"section\",\"props\":{\"height\":\"viewport\",\"height_viewport\":50,\"image\":\"wp-content\\\/uploads\\\/2025\\\/10\\\/EfficientEdge_Sanduhr_Teaser_Web-scaled.jpg\",\"image_position\":\"center-center\",\"image_size\":\"cover\",\"padding_remove_bottom\":true,\"padding_remove_top\":true,\"preserve_color\":false,\"style\":\"default\",\"title_breakpoint\":\"xl\",\"title_position\":\"top-left\",\"title_rotation\":\"left\",\"vertical_align\":\"middle\",\"width\":\"default\"},\"children\":[{\"type\":\"row\",\"children\":[{\"type\":\"column\",\"props\":{\"image_position\":\"center-center\",\"position_sticky_breakpoint\":\"m\"},\"children\":[{\"type\":\"headline\",\"props\":{\"content\":\"Keine Zeit f\\u00fcr nichts?\",\"title_element\":\"h1\"}},{\"type\":\"text\",\"props\":{\"column_breakpoint\":\"m\",\"content\":\"\n\n<p>Ich schon! F\\u00fcr dich und dein Business! \\u200b<\\\/p>\",\"margin\":\"default\",\"text_style\":\"large\"}},{\"type\":\"button\",\"props\":{\"grid_column_gap\":\"small\",\"grid_row_gap\":\"small\",\"margin\":\"default\"},\"children\":[{\"type\":\"button_item\",\"props\":{\"button_style\":\"default\",\"content\":\"Kontakt\",\"dialog_layout\":\"modal\",\"dialog_offcanvas_flip\":true,\"icon_align\":\"left\",\"link\":\"kontakt\\\/\",\"link_aria_label\":\"Link zu Kontakt\"}}]}]}]}]},{\"type\":\"section\",\"props\":{\"image_position\":\"center-center\",\"style\":\"default\",\"title_breakpoint\":\"xl\",\"title_position\":\"top-left\",\"title_rotation\":\"left\",\"vertical_align\":\"middle\",\"width\":\"default\"},\"children\":[{\"type\":\"row\",\"children\":[{\"type\":\"column\",\"props\":{\"image_position\":\"center-center\",\"position_sticky_breakpoint\":\"m\"},\"children\":[{\"name\":\"Grid Parallax\",\"type\":\"grid\",\"children\":[{\"type\":\"grid_item\",\"props\":{\"content\":\"\n\n<p><span>F\\u00fcr kleine Unternehmen oder Firmenneugr\\u00fcndungen biete ich stundenweise die gesamte kaufm\\u00e4nnische Palette an (Administrationsarbeit, Buchhaltung, Personalwesen\\u2026), bis eine Gr\\u00f6sse erreicht ist, wo sich die Anstellung einer (weiteren) Sachbearbeitungs-Person lohnt oder h\\u00fcpfe f\\u00fcr eine beschr\\u00e4nkte Zeit in eine vakante Position nach einem Ausfall und helfe zu \\u00fcberbr\\u00fccken.<\\\/span><\\\/p>\",\"image\":\"wp-content\\\/uploads\\\/icon-m-grid-check.svg\",\"panel_style\":\"card-secondary\",\"title\":\"Administration.\"}},{\"type\":\"grid_item\",\"props\":{\"content\":\"\n\n<p><span>Warum mit einem Trabi fahren, wenn man einen Ferrari zur Verf\\u00fcgung hat?! Mit meinem Wissen \\u00fcber die Microsoft365-Tools unterst\\u00fctze ich Sie und Ihr Team in der internen Organisation und Kommunikation und entwickle mit Ihnen eine Arbeitsstrategie in der New-Work-Welt. Weg von der Mail-Flut hin zu einer effizienten Struktur.<\\\/span><\\\/p>\",\"image\":\"wp-content\\\/uploads\\\/icon-m-users-celebration.svg\",\"panel_style\":\"card-default\",\"title\":\"Organisation.\"}},{\"type\":\"grid_item\",\"props\":{\"content\":\"\n\n<p><span>In Bausteinen biete ich mein Fachwissen als Immobilienbewirtschafterin mit eidg. Fachausweis an.<\\\/span><br \\\/><span>M\\u00f6chten Sie die Buchhaltung outsourcen oder wird meine Unterst\\u00fctzung bei einer Wohnungsabnahme oder in der Kommunikation mit der Mieterschaft gebraucht? Als Spezialistin f\\u00fcr Stockwerkeigentum \\u00fcbernehme ich auch alles als Gesamtpaket f\\u00fcr kleinere und mittlere Gemeinschaften.<\\\/span><\\\/p>\",\"image\":\"wp-content\\\/uploads\\\/icon-m-file-text.svg\",\"panel_style\":\"card-primary\",\"title\":\"Immobilienbewirtschaftung.\"}}],\"props\":{\"content_column_breakpoint\":\"m\",\"filter_align\":\"left\",\"filter_all\":true,\"filter_grid_breakpoint\":\"m\",\"filter_grid_width\":\"auto\",\"filter_position\":\"top\",\"filter_style\":\"tab\",\"grid_default\":\"1\",\"grid_medium\":\"3\",\"grid_small\":\"2\",\"icon_width\":80,\"image_align\":\"top\",\"image_grid_breakpoint\":\"m\",\"image_grid_width\":\"1-2\",\"image_height\":\"50\",\"image_svg_animate\":true,\"image_svg_color\":\"\",\"image_svg_inline\":true,\"image_width\":\"50\",\"item_animation\":true,\"lightbox_bg_close\":true,\"link_style\":\"text\",\"link_text\":\"Read more\",\"margin\":\"default\",\"meta_align\":\"below-title\",\"meta_element\":\"div\",\"meta_style\":\"\",\"panel_padding\":\"default\",\"parallax_breakpoint\":\"m\",\"parallax_easing\":\"1\",\"show_content\":true,\"show_hover_image\":true,\"show_hover_video\":true,\"show_image\":true,\"show_link\":true,\"show_meta\":true,\"show_title\":true,\"show_video\":true,\"title_align\":\"top\",\"title_color\":\"emphasis\",\"title_element\":\"h2\",\"title_grid_breakpoint\":\"m\",\"title_grid_width\":\"1-2\",\"title_hover_style\":\"reset\",\"title_style\":\"h2\"}}]}]}]}],\"version\":\"4.5.28\"} --><\/p>\n","protected":false},"excerpt":{"rendered":"<p>Keine Zeit f\u00fcr nichts? Ich schon! F\u00fcr dich und dein Business! \u200b Kontakt Administration. F\u00fcr kleine Unternehmen oder Firmenneugr\u00fcndungen biete ich stundenweise die gesamte kaufm\u00e4nnische Palette an (Administrationsarbeit, Buchhaltung, Personalwesen\u2026), bis eine Gr\u00f6sse erreicht ist, wo sich die Anstellung einer (weiteren) Sachbearbeitungs-Person lohnt oder h\u00fcpfe f\u00fcr eine beschr\u00e4nkte Zeit in eine vakante Position nach einem [&hellip;]<\/p>\n","protected":false},"author":1,"featured_media":0,"parent":0,"menu_order":0,"comment_status":"closed","ping_status":"closed","template":"","meta":{"_seopress_robots_primary_cat":"","_seopress_titles_title":"%%post_title%% %%sep%% %%sitetitle%%","_seopress_titles_desc":"Fabienne Steffen bietet dir mit Efficient Edge in Wolhusen Unterst\u00fctzung um Zeit f\u00fcr das wesentliche zu finden. Sie unterst\u00fctzt dich in Administration. Organisation. Immobilienbewirtschaftung und auf dem Weg der Digitalisierung.","_seopress_robots_index":"","footnotes":""},"class_list":["post-9","page","type-page","status-publish","hentry"],"_links":{"self":[{"href":"https:\/\/ee-steffen.ch\/New\/wp-json\/wp\/v2\/pages\/9","targetHints":{"allow":["GET"]}}],"collection":[{"href":"https:\/\/ee-steffen.ch\/New\/wp-json\/wp\/v2\/pages"}],"about":[{"href":"https:\/\/ee-steffen.ch\/New\/wp-json\/wp\/v2\/types\/page"}],"author":[{"embeddable":true,"href":"https:\/\/ee-steffen.ch\/New\/wp-json\/wp\/v2\/users\/1"}],"replies":[{"embeddable":true,"href":"https:\/\/ee-steffen.ch\/New\/wp-json\/wp\/v2\/comments?post=9"}],"version-history":[{"count":109,"href":"https:\/\/ee-steffen.ch\/New\/wp-json\/wp\/v2\/pages\/9\/revisions"}],"predecessor-version":[{"id":395,"href":"https:\/\/ee-steffen.ch\/New\/wp-json\/wp\/v2\/pages\/9\/revisions\/395"}],"wp:attachment":[{"href":"https:\/\/ee-steffen.ch\/New\/wp-json\/wp\/v2\/media?parent=9"}],"curies":[{"name":"wp","href":"https:\/\/api.w.org\/{rel}","templated":true}]}}